{"id":140,"date":"2022-12-04T09:18:27","date_gmt":"2022-12-04T09:18:27","guid":{"rendered":"http:\/\/causadoria.com.br\/?page_id=140"},"modified":"2023-08-22T04:03:53","modified_gmt":"2023-08-22T04:03:53","slug":"como-causamos","status":"publish","type":"page","link":"https:\/\/causadoria.com.br\/?page_id=140","title":{"rendered":"como causamos"},"content":{"rendered":"\n<p>\u2800\u2800\u2800\u2800\u2800\u2800\u2800\u2800<\/p>\n\n\n\n<p>\u2022 <strong>Causando na Educa\u00e7\u00e3o<\/strong> <br><br>Jornada Online ass\u00edncrona para Forma\u00e7\u00e3o de Educadores-Multiplicadores e cria\u00e7\u00e3o de Incubadoras de Projetos com Causa.<\/p>\n\n\n\n<p>Essa iniciativa foi desenvolvida para educadores, facilitadores aut\u00f4nomos e interessados que atuam em diversos campos  como Organiza\u00e7\u00f5es educacionais, sociais e culturais como Escolas, Universidades, Organiza\u00e7\u00f5es Inovadoras, Empresas e Poder P\u00fablico.<br><br>Conhe\u00e7a todos os detalhes aqui:<br><a href=\"http:\/\/bit.ly\/causandonaeducacao1\" target=\"_blank\" rel=\"noreferrer noopener\">bit.ly\/causandonaeducacao1<\/a> <\/p>\n\n\n\n<p><br>\u2022 <strong>Causando no Mundo<\/strong><br><br>Desenvolvimento de Incubadora de Projetos com Causa &#8211; forma\u00e7\u00e3o (h\u00edbrido, presencial, ou online s\u00edncrono) para jovens transformadores que desejam atuar como empreendedores socioculturais<\/p>\n\n\n\n<p>Atuamos com: Escolas, Universidades e Empresas &#8211; Institui\u00e7\u00f5es educacionais, sociais, culturais &#8211; para Jovens de qualquer parte do mundo.<\/p>\n\n\n\n<p><br>\u2022 <strong>Causando na Escola<\/strong><\/p>\n\n\n\n<p>Combo com implementa\u00e7\u00e3o de Incubadora de projetos (a\u00e7\u00e3o direta com jovens atrav\u00e9s de oficinas) em formato h\u00edbrido + Forma\u00e7\u00e3o de Multiplicadores na Organiza\u00e7\u00e3o) + Consultorias personalizadas<\/p>\n\n\n\n<p>\u2022 <strong>Causando Juntos<\/strong> | <strong>Experi\u00eancia personalizada<\/strong><\/p>\n\n\n\n<p>Estamos prontos para causarmos juntos atrav\u00e9s de uma <em>iniciativa personalizada<\/em> especialmente pra voc\u00ea, ou para sua Organiza\u00e7\u00e3o. Projetos desenvolvidos partindo de propostas espec\u00edficas atrav\u00e9s de oficinas, forma\u00e7\u00f5es e palestras, inclusive, para a implanta\u00e7\u00e3o de incubadoras de projetos criativos com causa. Importante \u00e9 que haja o desejo de movimentar transforma\u00e7\u00f5es e regenera\u00e7\u00f5es!<\/p>\n\n\n\n<p> Vamos conversar? Basta nos escrever \ud83c\udf2a<\/p>\n\n\n\n<figure class=\"wp-block-image size-large is-style-rounded\"><img loading=\"lazy\" decoding=\"async\" width=\"300\" height=\"200\" src=\"http:\/\/causadoria.com.br\/wp-content\/uploads\/2022\/12\/sugestao-ebook-p37-ou-auto-investigacao-ou-p46-2-300x200.jpg\" alt=\"\" class=\"wp-image-251\" srcset=\"https:\/\/causadoria.com.br\/wp-content\/uploads\/2022\/12\/sugestao-ebook-p37-ou-auto-investigacao-ou-p46-2-300x200.jpg 300w, https:\/\/causadoria.com.br\/wp-content\/uploads\/2022\/12\/sugestao-ebook-p37-ou-auto-investigacao-ou-p46-2-768x513.jpg 768w, https:\/\/causadoria.com.br\/wp-content\/uploads\/2022\/12\/sugestao-ebook-p37-ou-auto-investigacao-ou-p46-2.jpg 960w\" sizes=\"auto, (max-width: 300px) 100vw, 300px\" \/><\/figure>\n","protected":false},"excerpt":{"rendered":"<p>\u2800\u2800\u2800\u2800\u2800\u2800\u2800\u2800 \u2022 Causando na Educa\u00e7\u00e3o Jornada Online ass\u00edncrona para Forma\u00e7\u00e3o de Educadores-Multiplicadores e cria\u00e7\u00e3o de Incubadoras de Projetos com Causa. Essa iniciativa foi desenvolvida para educadores, facilitadores aut\u00f4nomos e interessados que atuam em diversos campos como Organiza\u00e7\u00f5es educacionais, sociais e culturais como Escolas, Universidades, Organiza\u00e7\u00f5es Inovadoras, Empresas e Poder P\u00fablico. Conhe\u00e7a todos os detalhes aqui:bit.ly\/causandonaeducacao1 &hellip; <\/p>\n<p class=\"link-more\"><a href=\"https:\/\/causadoria.com.br\/?page_id=140\" class=\"more-link\">Continue lendo<span class=\"screen-reader-text\"> &#8220;como causamos&#8221;<\/span><\/a><\/p>\n","protected":false},"author":1,"featured_media":251,"parent":0,"menu_order":2,"comment_status":"closed","ping_status":"closed","template":"","meta":{"om_disable_all_campaigns":false,"_monsterinsights_skip_tracking":false,"_monsterinsights_sitenote_active":false,"_monsterinsights_sitenote_note":"","_monsterinsights_sitenote_category":0,"footnotes":""},"class_list":["post-140","page","type-page","status-publish","has-post-thumbnail","hentry"],"aioseo_notices":[],"_links":{"self":[{"href":"https:\/\/causadoria.com.br\/index.php?rest_route=\/wp\/v2\/pages\/140","targetHints":{"allow":["GET"]}}],"collection":[{"href":"https:\/\/causadoria.com.br\/index.php?rest_route=\/wp\/v2\/pages"}],"about":[{"href":"https:\/\/causadoria.com.br\/index.php?rest_route=\/wp\/v2\/types\/page"}],"author":[{"embeddable":true,"href":"https:\/\/causadoria.com.br\/index.php?rest_route=\/wp\/v2\/users\/1"}],"replies":[{"embeddable":true,"href":"https:\/\/causadoria.com.br\/index.php?rest_route=%2Fwp%2Fv2%2Fcomments&post=140"}],"version-history":[{"count":32,"href":"https:\/\/causadoria.com.br\/index.php?rest_route=\/wp\/v2\/pages\/140\/revisions"}],"predecessor-version":[{"id":411,"href":"https:\/\/causadoria.com.br\/index.php?rest_route=\/wp\/v2\/pages\/140\/revisions\/411"}],"wp:featuredmedia":[{"embeddable":true,"href":"https:\/\/causadoria.com.br\/index.php?rest_route=\/wp\/v2\/media\/251"}],"wp:attachment":[{"href":"https:\/\/causadoria.com.br\/index.php?rest_route=%2Fwp%2Fv2%2Fmedia&parent=140"}],"curies":[{"name":"wp","href":"https:\/\/api.w.org\/{rel}","templated":true}]}}