{"id":347,"date":"2023-02-01T06:25:44","date_gmt":"2023-02-01T06:25:44","guid":{"rendered":"https:\/\/causadoria.com.br\/?page_id=347"},"modified":"2025-09-07T01:56:10","modified_gmt":"2025-09-07T01:56:10","slug":"programa-de-bolsas","status":"publish","type":"page","link":"https:\/\/causadoria.com.br\/?page_id=347","title":{"rendered":"causando no mundo"},"content":{"rendered":"\n<p class=\"has-text-align-center\"><em>                              <br>1\u00ba Polo de Tecnologia Social de Bragan\u00e7a Paulista<br>Incubadora de projetos criativos com Causa<\/em> 2023<br>                      <strong>                    <\/strong><em>          <\/em><\/p>\n\n\n\n<figure class=\"wp-block-gallery has-nested-images columns-default is-cropped wp-block-gallery-1 is-layout-flex wp-block-gallery-is-layout-flex\">\n<figure class=\"wp-block-image size-full\"><img loading=\"lazy\" decoding=\"async\" width=\"752\" height=\"712\" data-id=\"424\" src=\"https:\/\/causadoria.com.br\/wp-content\/uploads\/2023\/09\/cnm.png\" alt=\"\" class=\"wp-image-424\" srcset=\"https:\/\/causadoria.com.br\/wp-content\/uploads\/2023\/09\/cnm.png 752w, https:\/\/causadoria.com.br\/wp-content\/uploads\/2023\/09\/cnm-300x284.png 300w\" sizes=\"auto, (max-width: 706px) 89vw, (max-width: 767px) 82vw, 740px\" \/><\/figure>\n<\/figure>\n\n\n\n<p>N\u00f3s da <strong>Causadoria<\/strong>, em parceria com a <a href=\"https:\/\/www.instagram.com\/culturaeturismobp\/\" target=\"_blank\" rel=\"noopener\" title=\"Secretaria Municipal de Cultura e Turismo de Bragan\u00e7a Paulista\">Secretaria Municipal de Cultura e Turismo de Bragan\u00e7a Paulista<\/a>, estamos realizando o <em>Programa \u201cCausando no Mundo\u201d para jovens que querem movimentar boas ideias! <\/em>Acreditamos que <em>quem tem Causa, causa<\/em>! E que os Projetos s\u00e3o a ponte entre o sonho e a realiza\u00e7\u00e3o! &nbsp; <br><br><em>[Inscri\u00e7\u00f5es Encerradas]<\/em><br><br><strong>O que \u00e9 o \u201cCausando no Mundo\u201d? <\/strong><br><em>Oficinas para Cria\u00e7\u00e3o e Desenvolvimento de Projetos Criativos com Causa! <\/em><br>Os inscritos poder\u00e3o <em>investigar seus potenciais e inc\u00f4modos a partir do que acontece ao seu redor, criar um projeto autoral transformador e ter a oportunidade de coloc\u00e1-lo no mundo<\/em> atrav\u00e9s do nosso furac\u00e3o regenerativo! Ao final, lan\u00e7aremos um <em>edital<\/em> para os jovens que quiserem concorrer com seus projetos a um<em> pr\u00eamio semente em dinheiro<\/em>, <em>bolsas de estudo<\/em> na <a href=\"https:\/\/www.instagram.com\/studiogames.braganca\/\" target=\"_blank\" rel=\"noopener\" title=\"Studio Games Bragan\u00e7a\">Studio Games Bragan\u00e7a<\/a> e <em>sess\u00f5es de Jogo<\/em> Transver.<strong><br><br>Quando?<br><\/strong>De 11 Setembro a 04 de Dezembro de 2023 <br>Segundas-feiras das 17h30 \u00e0s 20h00<strong><br><br>Para quem?<br><\/strong>Jovens a partir de 13 anos<strong><br><br>Onde acontece?<br><\/strong>Centro Cultural Prefeito Jesus Adib Abi Chedid <br><em>Endere\u00e7o &#8211; R. Conselheiro Rodrigues Alves, 251 &#8211; Centro, Bragan\u00e7a Paulista<\/em><strong><br><br>Quanto?<br><\/strong>\u2022 <strong>R$ 800 | Valor ideal<\/strong><br><em>Com o qual conseguimos pagar todas as despesas e manter a pol\u00edtica que garante acessibilidade.<\/em><\/p>\n\n\n\n<p>\u2022 <strong>R$ 600 | Valor Sustent\u00e1vel<\/strong><br><em>Atrav\u00e9s dele conseguimos sustentar a realiza\u00e7\u00e3o do projeto, mas sem ampliar acesso.<\/em><\/p>\n\n\n\n<p><strong>\u2022 R$ 360 | Valor Social<\/strong><br><em>Viabilizado atrav\u00e9s dos alunos pagantes do valor ideal.<\/em><br><br><strong>Realize sua inscri\u00e7\u00e3o atrav\u00e9s do link abaixo:<\/strong><br><em>Sympla: <\/em><a href=\"https:\/\/bit.ly\/symplacausandonomundo\" target=\"_blank\" rel=\"noopener\" title=\"\">https:\/\/bit.ly\/symplacausandonomundo <\/a><br><br><em>[Inscri\u00e7\u00f5es Encerradas]<\/em><br><br>\u2022 <strong>Gratuito <strong>| <\/strong>Para pessoas que atendem preferencialmente aos crit\u00e9rios citados abaixo<\/strong><br><br><em>Crit\u00e9rios para a solicita\u00e7\u00e3o de Bolsas:<\/em><strong><br><\/strong><em><br>\u2022&nbsp;Alunos de escolas p\u00fablicas e Institui\u00e7\u00f5es Sociais; <\/em><br><em>\u2022&nbsp;Pessoas negras, ind\u00edgenas, e pertencentes a minorias \u00e9tnicas; <\/em><br><em>\u2022&nbsp;Pessoas <\/em>LGBTQIAPN+<em>; <\/em><br><em>\u2022&nbsp;Pessoas com defici\u00eancia; <\/em><br><em>\u2022&nbsp;Pessoas de baixa renda (renda familiar mensal abaixo de 1 sal\u00e1rio m\u00ednimo); <\/em><br><em>\u2022&nbsp;Jovens ex-participantes do Instituto Entrando em Cena<\/em><br><br><strong>Caso deseje solicitar sua bolsa, inscreva-se atrav\u00e9s do formul\u00e1rio abaixo:<\/strong><br><a href=\"https:\/\/bit.ly\/bolsascausandonomundo\" target=\"_blank\" rel=\"noopener\" title=\"https:\/\/bit.ly\/bolsascausandonomundo\">https:\/\/bit.ly\/bolsascausandonomundo<\/a><br><br><em>[Inscri\u00e7\u00f5es Encerradas]<\/em><\/p>\n\n\n\n<p><strong>Carga Hor\u00e1ria<\/strong>: <em>30 horas de Forma\u00e7\u00e3o<\/em><br>Encontros presenciais \u00e0s <em>Segundas das 17h30 \u00e0s 20h<\/em><br>Eventualmente, aos <em>S\u00e1bados<\/em> ser\u00e3o realizadas atividades extras que poder\u00e3o complementar as atividades, <em>mediante disponibilidade do grupo formado<\/em>.<\/p>\n\n\n\n<p>Vale lembrar: O certificado ser\u00e1 emitido apenas para aqueles que participarem de<em> 70% de todas as atividades<\/em> do Curso.<br><br><strong>Facilita\u00e7\u00e3o<\/strong>: <a href=\"https:\/\/drive.google.com\/drive\/u\/4\/folders\/16r7aJ_pb2-bsHlDwcHjcp2ovjCH2tKIN\" target=\"_blank\" rel=\"noopener\" title=\"J\u00e9ssica Zenorini, Equipe Causadora\">J\u00e9ssica Zenorini, Equipe Causadora<\/a><\/p>\n\n\n\n<p><strong>Quem somos?<br><\/strong>Lembra do <strong>Instituto Entrando em Cena<\/strong>? Nos reinventamos e<strong> agora somos a Causadoria<\/strong> &#8211; uma Incubadora de Projetos Criativos com Causa!\u00a0<br><br><a href=\"https:\/\/www.instagram.com\/p\/DIBSWIzuZLM\/\" target=\"_blank\" rel=\"noopener\" title=\"Conhe\u00e7a registros da primeira edi\u00e7\u00e3o do Causando no Mundo!\">Conhe\u00e7a registros da primeira edi\u00e7\u00e3o do Causando no Mundo!<\/a><\/p>\n\n\n\n<p><strong>Quem faz acontecer?<\/strong><br><strong>Realiza\u00e7\u00e3o:<\/strong> Causadoria \/ ViaViva <strong><br>Apoio Cultural: <\/strong>Secretaria Municipal de Cultura e Turismo de Bragan\u00e7a Paulista \/ Prefeitura Bragan\u00e7a Paulista<strong><br>Parceiros: <\/strong>Studio Games, Gr\u00e1fica UAT, Transver<\/p>\n\n\n\n<p><strong>Quem tem Causa, causa!<\/strong><\/p>\n\n\n\n<figure class=\"wp-block-embed is-type-video is-provider-youtube wp-block-embed-youtube wp-embed-aspect-16-9 wp-has-aspect-ratio\"><div class=\"wp-block-embed__wrapper\">\n<iframe loading=\"lazy\" title=\"Manifesto Causadoria\" width=\"525\" height=\"295\" src=\"https:\/\/www.youtube.com\/embed\/Bl2tsI3zWZ0?feature=oembed\" frameborder=\"0\" allow=\"accelerometer; autoplay; clipboard-write; encrypted-media; gyroscope; picture-in-picture; web-share\" referrerpolicy=\"strict-origin-when-cross-origin\" allowfullscreen><\/iframe>\n<\/div><\/figure>\n","protected":false},"excerpt":{"rendered":"<p>1\u00ba Polo de Tecnologia Social de Bragan\u00e7a PaulistaIncubadora de projetos criativos com Causa 2023 N\u00f3s da Causadoria, em parceria com a Secretaria Municipal de Cultura e Turismo de Bragan\u00e7a Paulista, estamos realizando o Programa \u201cCausando no Mundo\u201d para jovens que querem movimentar boas ideias! Acreditamos que quem tem Causa, causa! E que os Projetos s\u00e3o &hellip; <\/p>\n<p class=\"link-more\"><a href=\"https:\/\/causadoria.com.br\/?page_id=347\" class=\"more-link\">Continue lendo<span class=\"screen-reader-text\"> &#8220;causando no mundo&#8221;<\/span><\/a><\/p>\n","protected":false},"author":1,"featured_media":0,"parent":0,"menu_order":0,"comment_status":"closed","ping_status":"closed","template":"","meta":{"om_disable_all_campaigns":false,"_monsterinsights_skip_tracking":false,"_monsterinsights_sitenote_active":false,"_monsterinsights_sitenote_note":"","_monsterinsights_sitenote_category":0,"footnotes":""},"class_list":["post-347","page","type-page","status-publish","hentry"],"aioseo_notices":[],"_links":{"self":[{"href":"https:\/\/causadoria.com.br\/index.php?rest_route=\/wp\/v2\/pages\/347","targetHints":{"allow":["GET"]}}],"collection":[{"href":"https:\/\/causadoria.com.br\/index.php?rest_route=\/wp\/v2\/pages"}],"about":[{"href":"https:\/\/causadoria.com.br\/index.php?rest_route=\/wp\/v2\/types\/page"}],"author":[{"embeddable":true,"href":"https:\/\/causadoria.com.br\/index.php?rest_route=\/wp\/v2\/users\/1"}],"replies":[{"embeddable":true,"href":"https:\/\/causadoria.com.br\/index.php?rest_route=%2Fwp%2Fv2%2Fcomments&post=347"}],"version-history":[{"count":29,"href":"https:\/\/causadoria.com.br\/index.php?rest_route=\/wp\/v2\/pages\/347\/revisions"}],"predecessor-version":[{"id":431,"href":"https:\/\/causadoria.com.br\/index.php?rest_route=\/wp\/v2\/pages\/347\/revisions\/431"}],"wp:attachment":[{"href":"https:\/\/causadoria.com.br\/index.php?rest_route=%2Fwp%2Fv2%2Fmedia&parent=347"}],"curies":[{"name":"wp","href":"https:\/\/api.w.org\/{rel}","templated":true}]}}