{"id":46,"date":"2022-12-04T00:21:11","date_gmt":"2022-12-04T00:21:11","guid":{"rendered":"http:\/\/causadoria.com.br\/?page_id=46"},"modified":"2022-12-07T20:13:42","modified_gmt":"2022-12-07T20:13:42","slug":"nossos-desejos","status":"publish","type":"page","link":"https:\/\/causadoria.com.br\/?page_id=46","title":{"rendered":"nossos desejos"},"content":{"rendered":"\n<p>\u2800\u2800\u2800\u2800\u2800\u2800\u2800\u2800<\/p>\n\n\n\n<p>Implementa\u00e7\u00e3o de incubadoras de projetos com causa em todas as escolas p\u00fablicas, influenciando pol\u00edticas p\u00fablicas;<\/p>\n\n\n\n<p>Possibilitar a implementa\u00e7\u00e3o de incubadoras de projetos com causa em espa\u00e7os formais e n\u00e3o formais, partindo da Forma\u00e7\u00e3o de Multiplicadores-Causadores multifacetados;<br \/><br \/>Apoiar, potencializar, impulsionar projetos com causa que j\u00e1 tenham dado os primeiros passos.<\/p>\n","protected":false},"excerpt":{"rendered":"<p>\u2800\u2800\u2800\u2800\u2800\u2800\u2800\u2800 Implementa\u00e7\u00e3o de incubadoras de projetos com causa em todas as escolas p\u00fablicas, influenciando pol\u00edticas p\u00fablicas; Possibilitar a implementa\u00e7\u00e3o de incubadoras de projetos com causa em espa\u00e7os formais e n\u00e3o formais, partindo da Forma\u00e7\u00e3o de Multiplicadores-Causadores multifacetados; Apoiar, potencializar, impulsionar projetos com causa que j\u00e1 tenham dado os primeiros passos.<\/p>\n","protected":false},"author":1,"featured_media":0,"parent":0,"menu_order":4,"comment_status":"closed","ping_status":"closed","template":"","meta":{"om_disable_all_campaigns":false,"_monsterinsights_skip_tracking":false,"_monsterinsights_sitenote_active":false,"_monsterinsights_sitenote_note":"","_monsterinsights_sitenote_category":0,"footnotes":""},"class_list":["post-46","page","type-page","status-publish","hentry"],"aioseo_notices":[],"_links":{"self":[{"href":"https:\/\/causadoria.com.br\/index.php?rest_route=\/wp\/v2\/pages\/46","targetHints":{"allow":["GET"]}}],"collection":[{"href":"https:\/\/causadoria.com.br\/index.php?rest_route=\/wp\/v2\/pages"}],"about":[{"href":"https:\/\/causadoria.com.br\/index.php?rest_route=\/wp\/v2\/types\/page"}],"author":[{"embeddable":true,"href":"https:\/\/causadoria.com.br\/index.php?rest_route=\/wp\/v2\/users\/1"}],"replies":[{"embeddable":true,"href":"https:\/\/causadoria.com.br\/index.php?rest_route=%2Fwp%2Fv2%2Fcomments&post=46"}],"version-history":[{"count":6,"href":"https:\/\/causadoria.com.br\/index.php?rest_route=\/wp\/v2\/pages\/46\/revisions"}],"predecessor-version":[{"id":314,"href":"https:\/\/causadoria.com.br\/index.php?rest_route=\/wp\/v2\/pages\/46\/revisions\/314"}],"wp:attachment":[{"href":"https:\/\/causadoria.com.br\/index.php?rest_route=%2Fwp%2Fv2%2Fmedia&parent=46"}],"curies":[{"name":"wp","href":"https:\/\/api.w.org\/{rel}","templated":true}]}}