{"id":47,"date":"2022-12-04T00:21:11","date_gmt":"2022-12-04T00:21:11","guid":{"rendered":"http:\/\/causadoria.com.br\/?page_id=47"},"modified":"2023-09-19T03:42:37","modified_gmt":"2023-09-19T03:42:37","slug":"equipe","status":"publish","type":"page","link":"https:\/\/causadoria.com.br\/?page_id=47","title":{"rendered":"equipe"},"content":{"rendered":"\n<p><br><br><strong>Facilita\u00e7\u00e3o<\/strong><br><br><a href=\"https:\/\/drive.google.com\/file\/d\/1opZKe2d2hXtgOktqJboGYqgHr7IZggzF\/view?usp=sharing\" target=\"_blank\" rel=\"noopener\" title=\"Minibio J\u00e9ssica Zenorini\">J\u00e9ssica Zenorini<\/a>\u2800\u2800\u2800\u2800<br><br><br><strong>Gest\u00e3o de Projetos<\/strong> <strong>e Mentorias<\/strong><\/p>\n\n\n\n<p><a href=\"https:\/\/www.linkedin.com\/in\/tamiresmonteiro\" target=\"_blank\" rel=\"noopener\" title=\"Minibio Tami Monteiro\">Tamires Monteiro<\/a><\/p>\n\n\n\n<p><a href=\"https:\/\/drive.google.com\/file\/d\/1jmAY3_Xy2HlitzfyIuTFnLXhoqPA7uGm\/view?usp=drivesdk\" target=\"_blank\" rel=\"noreferrer noopener\">Viviane Lessa<\/a><br><br><br><strong>Apoio\u00a0| Produ\u00e7\u00e3o<\/strong><br><br>Daniela Ranali<br><\/p>\n\n\n\n<p><strong>Audiovisual<\/strong><br><em>Freelancers<\/em><br><br>Christian Campos<\/p>\n\n\n\n<p>Ier\u00ea Pap\u00e1<\/p>\n\n\n\n<p>Jere Nunes<\/p>\n\n\n\n<p>Marina Shirai<\/p>\n\n\n\n<p>Lucas \u00c1vila<\/p>\n\n\n\n<p>Raphaela Zolko\u2800\u2800<br>\u2800\u2800\u2800\u2800\u2800\u2800<\/p>\n\n\n\n<p><strong>Comunica\u00e7\u00e3o<\/strong> <\/p>\n\n\n\n<p>Jaqueline Gomes<\/p>\n\n\n\n<p>Shel Almeida<br><br><a href=\"https:\/\/br.linkedin.com\/company\/transver\" target=\"_blank\" rel=\"noopener\" title=\"Transver\">Transver<\/a><\/p>\n\n\n\n<p><\/p>\n\n\n\n<p><em>Quem tem Causa, causa!<\/em><\/p>\n\n\n\n<figure class=\"wp-block-image size-large is-style-rounded\"><img loading=\"lazy\" decoding=\"async\" width=\"1024\" height=\"1024\" src=\"http:\/\/causadoria.com.br\/wp-content\/uploads\/2022\/12\/IMG_20221207_000126_881-1024x1024.jpg\" alt=\"\" class=\"wp-image-256\" srcset=\"https:\/\/causadoria.com.br\/wp-content\/uploads\/2022\/12\/IMG_20221207_000126_881-1024x1024.jpg 1024w, https:\/\/causadoria.com.br\/wp-content\/uploads\/2022\/12\/IMG_20221207_000126_881-300x300.jpg 300w, https:\/\/causadoria.com.br\/wp-content\/uploads\/2022\/12\/IMG_20221207_000126_881-150x150.jpg 150w, https:\/\/causadoria.com.br\/wp-content\/uploads\/2022\/12\/IMG_20221207_000126_881-768x768.jpg 768w, https:\/\/causadoria.com.br\/wp-content\/uploads\/2022\/12\/IMG_20221207_000126_881-100x100.jpg 100w, https:\/\/causadoria.com.br\/wp-content\/uploads\/2022\/12\/IMG_20221207_000126_881.jpg 1440w\" sizes=\"auto, (max-width: 767px) 89vw, (max-width: 1000px) 54vw, (max-width: 1071px) 543px, 580px\" \/><\/figure>\n\n\n\n<figure class=\"wp-block-image size-large is-style-rounded\"><img loading=\"lazy\" decoding=\"async\" width=\"1024\" height=\"678\" src=\"http:\/\/causadoria.com.br\/wp-content\/uploads\/2022\/12\/FB_IMG_1651352849361-1-1024x678.jpg\" alt=\"\" class=\"wp-image-326\" srcset=\"https:\/\/causadoria.com.br\/wp-content\/uploads\/2022\/12\/FB_IMG_1651352849361-1-1024x678.jpg 1024w, https:\/\/causadoria.com.br\/wp-content\/uploads\/2022\/12\/FB_IMG_1651352849361-1-300x199.jpg 300w, https:\/\/causadoria.com.br\/wp-content\/uploads\/2022\/12\/FB_IMG_1651352849361-1-768x509.jpg 768w, https:\/\/causadoria.com.br\/wp-content\/uploads\/2022\/12\/FB_IMG_1651352849361-1.jpg 1449w\" sizes=\"auto, (max-width: 767px) 89vw, (max-width: 1000px) 54vw, (max-width: 1071px) 543px, 580px\" \/><\/figure>\n","protected":false},"excerpt":{"rendered":"<p>Facilita\u00e7\u00e3o J\u00e9ssica Zenorini\u2800\u2800\u2800\u2800 Gest\u00e3o de Projetos e Mentorias Tamires Monteiro Viviane Lessa Apoio\u00a0| Produ\u00e7\u00e3o Daniela Ranali AudiovisualFreelancers Christian Campos Ier\u00ea Pap\u00e1 Jere Nunes Marina Shirai Lucas \u00c1vila Raphaela Zolko\u2800\u2800\u2800\u2800\u2800\u2800\u2800\u2800 Comunica\u00e7\u00e3o Jaqueline Gomes Shel Almeida Transver Quem tem Causa, causa!<\/p>\n","protected":false},"author":1,"featured_media":326,"parent":0,"menu_order":5,"comment_status":"closed","ping_status":"closed","template":"","meta":{"om_disable_all_campaigns":false,"_monsterinsights_skip_tracking":false,"_monsterinsights_sitenote_active":false,"_monsterinsights_sitenote_note":"","_monsterinsights_sitenote_category":0,"footnotes":""},"class_list":["post-47","page","type-page","status-publish","has-post-thumbnail","hentry"],"aioseo_notices":[],"_links":{"self":[{"href":"https:\/\/causadoria.com.br\/index.php?rest_route=\/wp\/v2\/pages\/47","targetHints":{"allow":["GET"]}}],"collection":[{"href":"https:\/\/causadoria.com.br\/index.php?rest_route=\/wp\/v2\/pages"}],"about":[{"href":"https:\/\/causadoria.com.br\/index.php?rest_route=\/wp\/v2\/types\/page"}],"author":[{"embeddable":true,"href":"https:\/\/causadoria.com.br\/index.php?rest_route=\/wp\/v2\/users\/1"}],"replies":[{"embeddable":true,"href":"https:\/\/causadoria.com.br\/index.php?rest_route=%2Fwp%2Fv2%2Fcomments&post=47"}],"version-history":[{"count":39,"href":"https:\/\/causadoria.com.br\/index.php?rest_route=\/wp\/v2\/pages\/47\/revisions"}],"predecessor-version":[{"id":429,"href":"https:\/\/causadoria.com.br\/index.php?rest_route=\/wp\/v2\/pages\/47\/revisions\/429"}],"wp:featuredmedia":[{"embeddable":true,"href":"https:\/\/causadoria.com.br\/index.php?rest_route=\/wp\/v2\/media\/326"}],"wp:attachment":[{"href":"https:\/\/causadoria.com.br\/index.php?rest_route=%2Fwp%2Fv2%2Fmedia&parent=47"}],"curies":[{"name":"wp","href":"https:\/\/api.w.org\/{rel}","templated":true}]}}